{"id":24,"date":"2021-07-28T13:45:28","date_gmt":"2021-07-28T13:45:28","guid":{"rendered":"https:\/\/lodemand.com\/?page_id=24"},"modified":"2024-01-10T20:24:28","modified_gmt":"2024-01-10T20:24:28","slug":"a-empresa","status":"publish","type":"page","link":"https:\/\/lodemand.com\/en\/a-empresa\/","title":{"rendered":"The Company"},"content":{"rendered":"<div data-elementor-type=\"wp-page\" data-elementor-id=\"24\" class=\"elementor elementor-24\" data-elementor-post-type=\"page\">\n\t\t\t\t<div class=\"elementor-element elementor-element-c2ebc16 e-con-full e-flex e-con e-parent\" data-id=\"c2ebc16\" data-element_type=\"container\" data-e-type=\"container\" data-settings=\"{&quot;background_background&quot;:&quot;classic&quot;}\">\n\t\t\t\t<div class=\"elementor-element elementor-element-56298a3 elementor-widget elementor-widget-heading\" data-id=\"56298a3\" data-element_type=\"widget\" data-e-type=\"widget\" data-widget_type=\"heading.default\">\n\t\t\t\t<div class=\"elementor-widget-container\">\n\t\t\t\t\t<h1 class=\"elementor-heading-title elementor-size-default\">About Us<\/h1>\t\t\t\t<\/div>\n\t\t\t\t<\/div>\n\t\t\t\t<\/div>\n\t\t<div class=\"elementor-element elementor-element-529a41a e-flex e-con-boxed e-con e-parent\" data-id=\"529a41a\" data-element_type=\"container\" data-e-type=\"container\">\n\t\t\t\t\t<div class=\"e-con-inner\">\n\t\t\t\t<div class=\"elementor-element elementor-element-cc8f155 elementor-widget-mobile__width-initial elementor-widget__width-initial elementor-widget elementor-widget-text-editor\" data-id=\"cc8f155\" data-element_type=\"widget\" data-e-type=\"widget\" data-widget_type=\"text-editor.default\">\n\t\t\t\t<div class=\"elementor-widget-container\">\n\t\t\t\t\t\t\t\t\t<p>Located in Porto and operating at a national level, <strong>LOD \u2013 Log\u00edstica On Demand Lda<\/strong>, also under the <strong>Luggage Driver<\/strong>brand, offers management and logistical operation services dedicated to the tourism and events sector, namely luggage, bicycles, equipment and passengers transport.<\/p>\t\t\t\t\t\t\t\t<\/div>\n\t\t\t\t<\/div>\n\t\t\t\t<div class=\"elementor-element elementor-element-d13b315 elementor-widget__width-initial elementor-widget-mobile__width-initial elementor-widget elementor-widget-text-editor\" data-id=\"d13b315\" data-element_type=\"widget\" data-e-type=\"widget\" data-widget_type=\"text-editor.default\">\n\t\t\t\t<div class=\"elementor-widget-container\">\n\t\t\t\t\t\t\t\t\t<p>Starting in 2017, <strong>LOD<\/strong> already has extensive experience in providing transport services, as well as managing the different logistics needs of various customers and partners.<br \/>It also has a Liability Insurance to cover damages caused by all operations for handling luggage, bicycles and equipment.<\/p>\t\t\t\t\t\t\t\t<\/div>\n\t\t\t\t<\/div>\n\t\t\t\t\t<\/div>\n\t\t\t\t<\/div>\n\t\t<div class=\"elementor-element elementor-element-d88023c e-flex e-con-boxed e-con e-parent\" data-id=\"d88023c\" data-element_type=\"container\" data-e-type=\"container\" data-settings=\"{&quot;background_background&quot;:&quot;classic&quot;}\">\n\t\t\t\t\t<div class=\"e-con-inner\">\n\t\t<div class=\"elementor-element elementor-element-19def45 e-con-full e-flex e-con e-child\" data-id=\"19def45\" data-element_type=\"container\" data-e-type=\"container\">\n\t\t<div class=\"elementor-element elementor-element-4cc8d91 e-con-full e-flex e-con e-child\" data-id=\"4cc8d91\" data-element_type=\"container\" data-e-type=\"container\">\n\t\t\t\t<div class=\"elementor-element elementor-element-f0a7e74 elementor-widget__width-initial elementor-widget-mobile__width-initial elementor-widget elementor-widget-image\" data-id=\"f0a7e74\" data-element_type=\"widget\" data-e-type=\"widget\" data-widget_type=\"image.default\">\n\t\t\t\t<div class=\"elementor-widget-container\">\n\t\t\t\t\t\t\t\t\t\t\t\t\t\t\t<img fetchpriority=\"high\" decoding=\"async\" width=\"800\" height=\"496\" src=\"https:\/\/lodemand.com\/wp-content\/uploads\/2021\/07\/jt6u5yrh-1-1024x635.png\" class=\"attachment-large size-large wp-image-294\" alt=\"\" srcset=\"https:\/\/lodemand.com\/wp-content\/uploads\/2021\/07\/jt6u5yrh-1-1024x635.png 1024w, https:\/\/lodemand.com\/wp-content\/uploads\/2021\/07\/jt6u5yrh-1-300x186.png 300w, https:\/\/lodemand.com\/wp-content\/uploads\/2021\/07\/jt6u5yrh-1-768x476.png 768w, https:\/\/lodemand.com\/wp-content\/uploads\/2021\/07\/jt6u5yrh-1.png 1371w\" sizes=\"(max-width: 800px) 100vw, 800px\" \/>\t\t\t\t\t\t\t\t\t\t\t\t\t\t\t<\/div>\n\t\t\t\t<\/div>\n\t\t\t\t<div class=\"elementor-element elementor-element-bfc19b3 elementor-widget__width-initial elementor-widget-mobile__width-initial elementor-widget elementor-widget-image\" data-id=\"bfc19b3\" data-element_type=\"widget\" data-e-type=\"widget\" data-widget_type=\"image.default\">\n\t\t\t\t<div class=\"elementor-widget-container\">\n\t\t\t\t\t\t\t\t\t\t\t\t\t\t\t<img decoding=\"async\" width=\"577\" height=\"433\" src=\"https:\/\/lodemand.com\/wp-content\/uploads\/2024\/01\/Transfere_Etapa_Etapa-V1.png\" class=\"attachment-large size-large wp-image-1347\" alt=\"\" srcset=\"https:\/\/lodemand.com\/wp-content\/uploads\/2024\/01\/Transfere_Etapa_Etapa-V1.png 577w, https:\/\/lodemand.com\/wp-content\/uploads\/2024\/01\/Transfere_Etapa_Etapa-V1-300x225.png 300w, https:\/\/lodemand.com\/wp-content\/uploads\/2024\/01\/Transfere_Etapa_Etapa-V1-16x12.png 16w\" sizes=\"(max-width: 577px) 100vw, 577px\" \/>\t\t\t\t\t\t\t\t\t\t\t\t\t\t\t<\/div>\n\t\t\t\t<\/div>\n\t\t\t\t<\/div>\n\t\t<div class=\"elementor-element elementor-element-862a11d e-con-full e-flex e-con e-child\" data-id=\"862a11d\" data-element_type=\"container\" data-e-type=\"container\">\n\t\t\t\t<div class=\"elementor-element elementor-element-e83aedc elementor-widget__width-initial elementor-widget-mobile__width-initial elementor-widget elementor-widget-image\" data-id=\"e83aedc\" data-element_type=\"widget\" data-e-type=\"widget\" data-widget_type=\"image.default\">\n\t\t\t\t<div class=\"elementor-widget-container\">\n\t\t\t\t\t\t\t\t\t\t\t\t\t\t\t<img decoding=\"async\" width=\"577\" height=\"433\" src=\"https:\/\/lodemand.com\/wp-content\/uploads\/2024\/01\/Atrelado12.png\" class=\"attachment-large size-large wp-image-1361\" alt=\"\" srcset=\"https:\/\/lodemand.com\/wp-content\/uploads\/2024\/01\/Atrelado12.png 577w, https:\/\/lodemand.com\/wp-content\/uploads\/2024\/01\/Atrelado12-300x225.png 300w, https:\/\/lodemand.com\/wp-content\/uploads\/2024\/01\/Atrelado12-16x12.png 16w\" sizes=\"(max-width: 577px) 100vw, 577px\" \/>\t\t\t\t\t\t\t\t\t\t\t\t\t\t\t<\/div>\n\t\t\t\t<\/div>\n\t\t\t\t<div class=\"elementor-element elementor-element-eab1dc2 elementor-widget__width-initial elementor-widget-mobile__width-initial elementor-widget elementor-widget-image\" data-id=\"eab1dc2\" data-element_type=\"widget\" data-e-type=\"widget\" data-widget_type=\"image.default\">\n\t\t\t\t<div class=\"elementor-widget-container\">\n\t\t\t\t\t\t\t\t\t\t\t\t\t\t\t<img loading=\"lazy\" decoding=\"async\" width=\"800\" height=\"600\" src=\"https:\/\/lodemand.com\/wp-content\/uploads\/2024\/01\/15-2-1-1024x768.jpg\" class=\"attachment-large size-large wp-image-1353\" alt=\"\" srcset=\"https:\/\/lodemand.com\/wp-content\/uploads\/2024\/01\/15-2-1-1024x768.jpg 1024w, https:\/\/lodemand.com\/wp-content\/uploads\/2024\/01\/15-2-1-300x225.jpg 300w, https:\/\/lodemand.com\/wp-content\/uploads\/2024\/01\/15-2-1-768x576.jpg 768w, https:\/\/lodemand.com\/wp-content\/uploads\/2024\/01\/15-2-1-16x12.jpg 16w, https:\/\/lodemand.com\/wp-content\/uploads\/2024\/01\/15-2-1.jpg 1500w\" sizes=\"(max-width: 800px) 100vw, 800px\" \/>\t\t\t\t\t\t\t\t\t\t\t\t\t\t\t<\/div>\n\t\t\t\t<\/div>\n\t\t\t\t<\/div>\n\t\t\t\t<\/div>\n\t\t<div class=\"elementor-element elementor-element-4128797 e-con-full e-flex e-con e-child\" data-id=\"4128797\" data-element_type=\"container\" data-e-type=\"container\">\n\t\t\t\t<div class=\"elementor-element elementor-element-49f449c elementor-widget elementor-widget-text-editor\" data-id=\"49f449c\" data-element_type=\"widget\" data-e-type=\"widget\" data-widget_type=\"text-editor.default\">\n\t\t\t\t<div class=\"elementor-widget-container\">\n\t\t\t\t\t\t\t\t\t<p>All <strong>LOD<\/strong> employees are in uniform and provide assistance in Portuguese, Spanish and English. They are able to support and advise customers, both in terms of the service provided and the places to visit, public transports and other related matters.<br \/>To satisfy customers needs, <strong>LOD<\/strong> has commercial vehicles, passenger transport vehicles, bicycle carriers and other equipment.<\/p>\t\t\t\t\t\t\t\t<\/div>\n\t\t\t\t<\/div>\n\t\t\t\t<\/div>\n\t\t\t\t\t<\/div>\n\t\t\t\t<\/div>\n\t\t\t\t<\/div>","protected":false},"excerpt":{"rendered":"<p>Sobre n\u00f3s Sediada no Porto e atuando a n\u00edvel nacional, a LOD \u2013 Log\u00edstica On Demand Lda, tamb\u00e9m com a marca Luggage Driver, disponibiliza servi\u00e7os de gest\u00e3o e opera\u00e7\u00e3o log\u00edstica dedicada ao setor do turismo e eventos, nomeadamente no transporte de bagagens, bicicletas, equipamentos e passageiros. Com arranque em 2017, a LOD j\u00e1 possu\u00ed uma [&hellip;]<\/p>","protected":false},"author":1,"featured_media":0,"parent":0,"menu_order":0,"comment_status":"closed","ping_status":"closed","template":"elementor_header_footer","meta":{"om_disable_all_campaigns":false,"_monsterinsights_skip_tracking":false,"_monsterinsights_sitenote_active":false,"_monsterinsights_sitenote_note":"","_monsterinsights_sitenote_category":0,"footnotes":""},"class_list":["post-24","page","type-page","status-publish","hentry"],"aioseo_notices":[],"_links":{"self":[{"href":"https:\/\/lodemand.com\/en\/wp-json\/wp\/v2\/pages\/24","targetHints":{"allow":["GET"]}}],"collection":[{"href":"https:\/\/lodemand.com\/en\/wp-json\/wp\/v2\/pages"}],"about":[{"href":"https:\/\/lodemand.com\/en\/wp-json\/wp\/v2\/types\/page"}],"author":[{"embeddable":true,"href":"https:\/\/lodemand.com\/en\/wp-json\/wp\/v2\/users\/1"}],"replies":[{"embeddable":true,"href":"https:\/\/lodemand.com\/en\/wp-json\/wp\/v2\/comments?post=24"}],"version-history":[{"count":0,"href":"https:\/\/lodemand.com\/en\/wp-json\/wp\/v2\/pages\/24\/revisions"}],"wp:attachment":[{"href":"https:\/\/lodemand.com\/en\/wp-json\/wp\/v2\/media?parent=24"}],"curies":[{"name":"wp","href":"https:\/\/api.w.org\/{rel}","templated":true}]}}