{"id":27,"date":"2021-07-28T13:45:28","date_gmt":"2021-07-28T13:45:28","guid":{"rendered":"https:\/\/lodemand.com\/?page_id=27"},"modified":"2024-01-10T20:27:46","modified_gmt":"2024-01-10T20:27:46","slug":"tours","status":"publish","type":"page","link":"https:\/\/lodemand.com\/en\/tours\/","title":{"rendered":"Tours"},"content":{"rendered":"<div data-elementor-type=\"wp-page\" data-elementor-id=\"27\" class=\"elementor elementor-27\" data-elementor-post-type=\"page\">\n\t\t\t\t<div class=\"elementor-element elementor-element-a8d2a25 e-flex e-con-boxed e-con e-parent\" data-id=\"a8d2a25\" data-element_type=\"container\" data-e-type=\"container\" data-settings=\"{&quot;background_background&quot;:&quot;slideshow&quot;,&quot;background_slideshow_gallery&quot;:[{&quot;id&quot;:312,&quot;url&quot;:&quot;http:\\\/\\\/lodemand.com\\\/wp-content\\\/uploads\\\/2021\\\/07\\\/Portugal-Porto-river-bridge-city-morning_1920x1200.jpg&quot;},{&quot;id&quot;:314,&quot;url&quot;:&quot;http:\\\/\\\/lodemand.com\\\/wp-content\\\/uploads\\\/2021\\\/07\\\/735366.jpg&quot;},{&quot;id&quot;:317,&quot;url&quot;:&quot;http:\\\/\\\/lodemand.com\\\/wp-content\\\/uploads\\\/2021\\\/07\\\/Templo-de-Santa-Luzia-Viana-do-Castelo-1.jpg&quot;},{&quot;id&quot;:315,&quot;url&quot;:&quot;http:\\\/\\\/lodemand.com\\\/wp-content\\\/uploads\\\/2021\\\/07\\\/232471-Coimbra-District.jpg&quot;},{&quot;id&quot;:319,&quot;url&quot;:&quot;http:\\\/\\\/lodemand.com\\\/wp-content\\\/uploads\\\/2021\\\/07\\\/katia-de-juan-ZQjujHKWcak-unsplash-scaled.jpg&quot;},{&quot;id&quot;:320,&quot;url&quot;:&quot;http:\\\/\\\/lodemand.com\\\/wp-content\\\/uploads\\\/2021\\\/07\\\/ponte-de-lima-bridge.jpg&quot;}],&quot;background_slideshow_slide_duration&quot;:3000,&quot;background_slideshow_loop&quot;:&quot;yes&quot;,&quot;background_slideshow_slide_transition&quot;:&quot;fade&quot;,&quot;background_slideshow_transition_duration&quot;:500}\">\n\t\t\t\t\t<div class=\"e-con-inner\">\n\t\t\t\t\t<\/div>\n\t\t\t\t<\/div>\n\t\t<div class=\"elementor-element elementor-element-3a6aae7 e-flex e-con-boxed e-con e-parent\" data-id=\"3a6aae7\" data-element_type=\"container\" data-e-type=\"container\">\n\t\t\t\t\t<div class=\"e-con-inner\">\n\t\t\t\t<div class=\"elementor-element elementor-element-4372d50 animated-slow elementor-invisible elementor-widget elementor-widget-heading\" data-id=\"4372d50\" data-element_type=\"widget\" data-e-type=\"widget\" data-settings=\"{&quot;_animation&quot;:&quot;fadeIn&quot;}\" data-widget_type=\"heading.default\">\n\t\t\t\t<div class=\"elementor-widget-container\">\n\t\t\t\t\t<h2 class=\"elementor-heading-title elementor-size-default\">Tours - Cycling \/ Hiking<\/h2>\t\t\t\t<\/div>\n\t\t\t\t<\/div>\n\t\t\t\t\t<\/div>\n\t\t\t\t<\/div>\n\t\t<div class=\"elementor-element elementor-element-304b13dd e-con-full e-flex e-con e-parent\" data-id=\"304b13dd\" data-element_type=\"container\" data-e-type=\"container\" data-settings=\"{&quot;background_background&quot;:&quot;gradient&quot;}\">\n\t\t<div class=\"elementor-element elementor-element-5e56dc7f e-con-full e-flex e-con e-child\" data-id=\"5e56dc7f\" data-element_type=\"container\" data-e-type=\"container\">\n\t\t\t\t<div class=\"elementor-element elementor-element-7aa5b09 elementor-invisible elementor-widget elementor-widget-text-editor\" data-id=\"7aa5b09\" data-element_type=\"widget\" data-e-type=\"widget\" data-settings=\"{&quot;_animation&quot;:&quot;fadeInUp&quot;}\" data-widget_type=\"text-editor.default\">\n\t\t\t\t<div class=\"elementor-widget-container\">\n\t\t\t\t\t\t\t\t\t<p>Service for travel agencies and other tour operators. \nManagement and execution of all logistical operations including passenger, luggage and equipment (such as bicycles) transport.<\/p><p>\u00a0<\/p>\t\t\t\t\t\t\t\t<\/div>\n\t\t\t\t<\/div>\n\t\t\t\t<div class=\"elementor-element elementor-element-48e9d5fe elementor-widget__width-inherit animated-slow elementor-invisible elementor-widget elementor-widget-image\" data-id=\"48e9d5fe\" data-element_type=\"widget\" data-e-type=\"widget\" data-settings=\"{&quot;_animation&quot;:&quot;fadeIn&quot;}\" data-widget_type=\"image.default\">\n\t\t\t\t<div class=\"elementor-widget-container\">\n\t\t\t\t\t\t\t\t\t\t\t\t\t\t\t<img fetchpriority=\"high\" decoding=\"async\" width=\"800\" height=\"564\" src=\"https:\/\/lodemand.com\/wp-content\/uploads\/2024\/01\/Tour-de-bike.jpg\" class=\"attachment-large size-large wp-image-1523\" alt=\"\" srcset=\"https:\/\/lodemand.com\/wp-content\/uploads\/2024\/01\/Tour-de-bike.jpg 800w, https:\/\/lodemand.com\/wp-content\/uploads\/2024\/01\/Tour-de-bike-300x212.jpg 300w, https:\/\/lodemand.com\/wp-content\/uploads\/2024\/01\/Tour-de-bike-768x541.jpg 768w, https:\/\/lodemand.com\/wp-content\/uploads\/2024\/01\/Tour-de-bike-18x12.jpg 18w\" sizes=\"(max-width: 800px) 100vw, 800px\" \/>\t\t\t\t\t\t\t\t\t\t\t\t\t\t\t<\/div>\n\t\t\t\t<\/div>\n\t\t\t\t<\/div>\n\t\t<div class=\"elementor-element elementor-element-11605d53 e-con-full e-flex e-con e-child\" data-id=\"11605d53\" data-element_type=\"container\" data-e-type=\"container\">\n\t\t\t\t<div class=\"elementor-element elementor-element-1582d0d3 elementor-widget__width-initial animated-slow elementor-invisible elementor-widget elementor-widget-image\" data-id=\"1582d0d3\" data-element_type=\"widget\" data-e-type=\"widget\" data-settings=\"{&quot;_animation&quot;:&quot;fadeInDown&quot;,&quot;_animation_tablet&quot;:&quot;fadeInLeft&quot;}\" data-widget_type=\"image.default\">\n\t\t\t\t<div class=\"elementor-widget-container\">\n\t\t\t\t\t\t\t\t\t\t\t\t\t\t\t<img decoding=\"async\" width=\"800\" height=\"600\" src=\"https:\/\/lodemand.com\/wp-content\/uploads\/2023\/01\/CostaVicentina.jpg\" class=\"attachment-large size-large wp-image-1202\" alt=\"\" srcset=\"https:\/\/lodemand.com\/wp-content\/uploads\/2023\/01\/CostaVicentina.jpg 800w, https:\/\/lodemand.com\/wp-content\/uploads\/2023\/01\/CostaVicentina-300x225.jpg 300w, https:\/\/lodemand.com\/wp-content\/uploads\/2023\/01\/CostaVicentina-768x576.jpg 768w, https:\/\/lodemand.com\/wp-content\/uploads\/2023\/01\/CostaVicentina-16x12.jpg 16w\" sizes=\"(max-width: 800px) 100vw, 800px\" \/>\t\t\t\t\t\t\t\t\t\t\t\t\t\t\t<\/div>\n\t\t\t\t<\/div>\n\t\t\t\t<div class=\"elementor-element elementor-element-4ec6d314 elementor-widget__width-initial animated-slow elementor-invisible elementor-widget elementor-widget-image\" data-id=\"4ec6d314\" data-element_type=\"widget\" data-e-type=\"widget\" data-settings=\"{&quot;_animation&quot;:&quot;fadeInDown&quot;,&quot;_animation_tablet&quot;:&quot;fadeInRight&quot;,&quot;_animation_delay&quot;:&quot;200&quot;}\" data-widget_type=\"image.default\">\n\t\t\t\t<div class=\"elementor-widget-container\">\n\t\t\t\t\t\t\t\t\t\t\t\t\t\t\t<img decoding=\"async\" width=\"800\" height=\"890\" src=\"https:\/\/lodemand.com\/wp-content\/uploads\/2024\/01\/hiking2-920x1024.jpg\" class=\"attachment-large size-large wp-image-1528\" alt=\"\" srcset=\"https:\/\/lodemand.com\/wp-content\/uploads\/2024\/01\/hiking2-920x1024.jpg 920w, https:\/\/lodemand.com\/wp-content\/uploads\/2024\/01\/hiking2-270x300.jpg 270w, https:\/\/lodemand.com\/wp-content\/uploads\/2024\/01\/hiking2-768x855.jpg 768w, https:\/\/lodemand.com\/wp-content\/uploads\/2024\/01\/hiking2-11x12.jpg 11w, https:\/\/lodemand.com\/wp-content\/uploads\/2024\/01\/hiking2.jpg 1294w\" sizes=\"(max-width: 800px) 100vw, 800px\" \/>\t\t\t\t\t\t\t\t\t\t\t\t\t\t\t<\/div>\n\t\t\t\t<\/div>\n\t\t\t\t<div class=\"elementor-element elementor-element-774a358 elementor-invisible elementor-widget elementor-widget-text-editor\" data-id=\"774a358\" data-element_type=\"widget\" data-e-type=\"widget\" data-settings=\"{&quot;_animation&quot;:&quot;fadeInUp&quot;}\" data-widget_type=\"text-editor.default\">\n\t\t\t\t<div class=\"elementor-widget-container\">\n\t\t\t\t\t\t\t\t\t<p>Also supporting bicycle rental stores, a direct transport service is available, between any points in Portugal Continental and Galicia, with delivery within 72 hours.<\/p>\t\t\t\t\t\t\t\t<\/div>\n\t\t\t\t<\/div>\n\t\t\t\t<\/div>\n\t\t\t\t<\/div>\n\t\t\t\t<\/div>","protected":false},"excerpt":{"rendered":"<p>Tours &#8211; Cicloturismo \/ Caminhada Servi\u00e7o destinado a ag\u00eancias de viagem e operadores tur\u00edsticos similares. Gest\u00e3o e execu\u00e7\u00e3o de todas as opera\u00e7\u00f5es log\u00edsticas de transporte de passageiros, bagagens e equipamentos (como bicicletas). \u00a0 Apoiando tamb\u00e9m lojas de aluguer de bicicletas, est\u00e1 dispon\u00edvel o servi\u00e7o de transporte direto, entre quaisquer pontos em portugal Continental e Galiza, [&hellip;]<\/p>","protected":false},"author":1,"featured_media":0,"parent":0,"menu_order":0,"comment_status":"closed","ping_status":"closed","template":"elementor_header_footer","meta":{"om_disable_all_campaigns":false,"_monsterinsights_skip_tracking":false,"_monsterinsights_sitenote_active":false,"_monsterinsights_sitenote_note":"","_monsterinsights_sitenote_category":0,"footnotes":""},"class_list":["post-27","page","type-page","status-publish","hentry"],"aioseo_notices":[],"_links":{"self":[{"href":"https:\/\/lodemand.com\/en\/wp-json\/wp\/v2\/pages\/27","targetHints":{"allow":["GET"]}}],"collection":[{"href":"https:\/\/lodemand.com\/en\/wp-json\/wp\/v2\/pages"}],"about":[{"href":"https:\/\/lodemand.com\/en\/wp-json\/wp\/v2\/types\/page"}],"author":[{"embeddable":true,"href":"https:\/\/lodemand.com\/en\/wp-json\/wp\/v2\/users\/1"}],"replies":[{"embeddable":true,"href":"https:\/\/lodemand.com\/en\/wp-json\/wp\/v2\/comments?post=27"}],"version-history":[{"count":0,"href":"https:\/\/lodemand.com\/en\/wp-json\/wp\/v2\/pages\/27\/revisions"}],"wp:attachment":[{"href":"https:\/\/lodemand.com\/en\/wp-json\/wp\/v2\/media?parent=27"}],"curies":[{"name":"wp","href":"https:\/\/api.w.org\/{rel}","templated":true}]}}