{"id":28,"date":"2021-07-28T13:45:28","date_gmt":"2021-07-28T13:45:28","guid":{"rendered":"https:\/\/lodemand.com\/?page_id=28"},"modified":"2024-01-08T12:17:25","modified_gmt":"2024-01-08T12:17:25","slug":"grupos","status":"publish","type":"page","link":"https:\/\/lodemand.com\/en\/grupos\/","title":{"rendered":"Groups"},"content":{"rendered":"<div data-elementor-type=\"wp-page\" data-elementor-id=\"28\" class=\"elementor elementor-28\" data-elementor-post-type=\"page\">\n\t\t\t\t<div class=\"elementor-element elementor-element-701b0ce e-flex e-con-boxed e-con e-parent\" data-id=\"701b0ce\" data-element_type=\"container\" data-e-type=\"container\">\n\t\t\t\t\t<div class=\"e-con-inner\">\n\t\t\t\t<div class=\"elementor-element elementor-element-66bfc14 elementor-widget elementor-widget-heading\" data-id=\"66bfc14\" data-element_type=\"widget\" data-e-type=\"widget\" data-widget_type=\"heading.default\">\n\t\t\t\t<div class=\"elementor-widget-container\">\n\t\t\t\t\t<h2 class=\"elementor-heading-title elementor-size-default\">Logistical support for group's luggage transfer.<\/h2>\t\t\t\t<\/div>\n\t\t\t\t<\/div>\n\t\t\t\t\t<\/div>\n\t\t\t\t<\/div>\n\t\t<div class=\"elementor-element elementor-element-f729190 e-flex e-con-boxed e-con e-parent\" data-id=\"f729190\" data-element_type=\"container\" data-e-type=\"container\">\n\t\t\t\t\t<div class=\"e-con-inner\">\n\t\t<div class=\"elementor-element elementor-element-7ed40ff animated-slow e-flex e-con-boxed e-con e-child\" data-id=\"7ed40ff\" data-element_type=\"container\" data-e-type=\"container\" data-settings=\"{&quot;background_background&quot;:&quot;gradient&quot;,&quot;animation&quot;:&quot;none&quot;}\">\n\t\t\t\t\t<div class=\"e-con-inner\">\n\t\t\t\t<div class=\"elementor-element elementor-element-207cb15 animated-slow elementor-invisible elementor-widget elementor-widget-text-editor\" data-id=\"207cb15\" data-element_type=\"widget\" data-e-type=\"widget\" data-settings=\"{&quot;_animation&quot;:&quot;fadeInUp&quot;}\" data-widget_type=\"text-editor.default\">\n\t\t\t\t<div class=\"elementor-widget-container\">\n\t\t\t\t\t\t\t\t\t<p>Provided to travel agencies or directly to hotels and other types of accommodation, this luggage transfer service is\u00a0performed between the BUS \/ Airport \/ Train Stations \/ Ports and the hotels far from these arrival points.<\/p>\t\t\t\t\t\t\t\t<\/div>\n\t\t\t\t<\/div>\n\t\t\t\t\t<\/div>\n\t\t\t\t<\/div>\n\t\t<div class=\"elementor-element elementor-element-5652b01 e-con-full e-flex e-con e-child\" data-id=\"5652b01\" data-element_type=\"container\" data-e-type=\"container\">\n\t\t\t\t<div class=\"elementor-element elementor-element-0da93ef animated-slow elementor-invisible elementor-widget elementor-widget-image\" data-id=\"0da93ef\" data-element_type=\"widget\" data-e-type=\"widget\" data-settings=\"{&quot;_animation&quot;:&quot;fadeInLeft&quot;}\" data-widget_type=\"image.default\">\n\t\t\t\t<div class=\"elementor-widget-container\">\n\t\t\t\t\t\t\t\t\t\t\t\t\t\t\t<img fetchpriority=\"high\" decoding=\"async\" width=\"2560\" height=\"1707\" src=\"https:\/\/lodemand.com\/wp-content\/uploads\/2021\/07\/04-scaled.jpg\" class=\"attachment-full size-full wp-image-346\" alt=\"\" srcset=\"https:\/\/lodemand.com\/wp-content\/uploads\/2021\/07\/04-scaled.jpg 2560w, https:\/\/lodemand.com\/wp-content\/uploads\/2021\/07\/04-300x200.jpg 300w, https:\/\/lodemand.com\/wp-content\/uploads\/2021\/07\/04-1024x683.jpg 1024w, https:\/\/lodemand.com\/wp-content\/uploads\/2021\/07\/04-768x512.jpg 768w, https:\/\/lodemand.com\/wp-content\/uploads\/2021\/07\/04-1536x1024.jpg 1536w, https:\/\/lodemand.com\/wp-content\/uploads\/2021\/07\/04-2048x1365.jpg 2048w\" sizes=\"(max-width: 2560px) 100vw, 2560px\" \/>\t\t\t\t\t\t\t\t\t\t\t\t\t\t\t<\/div>\n\t\t\t\t<\/div>\n\t\t\t\t<\/div>\n\t\t\t\t\t<\/div>\n\t\t\t\t<\/div>\n\t\t<div class=\"elementor-element elementor-element-a46abff e-con-full animated-slow e-flex elementor-invisible e-con e-parent\" data-id=\"a46abff\" data-element_type=\"container\" data-e-type=\"container\" data-settings=\"{&quot;background_background&quot;:&quot;classic&quot;,&quot;animation&quot;:&quot;fadeIn&quot;}\">\n\t\t\t\t<\/div>\n\t\t<div class=\"elementor-element elementor-element-6a40da2 animated-slow e-flex e-con-boxed e-con e-parent\" data-id=\"6a40da2\" data-element_type=\"container\" data-e-type=\"container\" data-settings=\"{&quot;background_background&quot;:&quot;gradient&quot;,&quot;animation&quot;:&quot;none&quot;}\">\n\t\t\t\t\t<div class=\"e-con-inner\">\n\t\t\t\t<div class=\"elementor-element elementor-element-e508a5f animated-slow elementor-invisible elementor-widget elementor-widget-text-editor\" data-id=\"e508a5f\" data-element_type=\"widget\" data-e-type=\"widget\" data-settings=\"{&quot;_animation&quot;:&quot;fadeInUp&quot;}\" data-widget_type=\"text-editor.default\">\n\t\t\t\t<div class=\"elementor-widget-container\">\n\t\t\t\t\t\t\t\t\t<p>LOD has authorization to enter in restricted traffic access areas, such as the historic area of Porto, Rua das Flores, the Ribeira area and Alf\u00e2ndega BUS park, among others, thus facilitating loading \/ unloading and transfer of group's luggage from the BUS \/ Boats\u00a0to the hotel, avoiding delays.<\/p>\t\t\t\t\t\t\t\t<\/div>\n\t\t\t\t<\/div>\n\t\t\t\t\t<\/div>\n\t\t\t\t<\/div>\n\t\t\t\t<\/div>","protected":false},"excerpt":{"rendered":"<p>Apoio log\u00edstico para transporte de bagagens de grupos Prestado a ag\u00eancias de viagem ou diretamente aos hot\u00e9is e outros tipos de alojamento, este servi\u00e7o de transfere de bagagens \u00e9 executado entre o BUS \/ Aeroporto \/ Esta\u00e7\u00f5es de Comboio \/ Portos e as unidades hoteleiras afastadas destes pontos de chegada. A LOD disp\u00f5e de autoriza\u00e7\u00e3o [&hellip;]<\/p>","protected":false},"author":1,"featured_media":0,"parent":0,"menu_order":0,"comment_status":"closed","ping_status":"closed","template":"elementor_header_footer","meta":{"om_disable_all_campaigns":false,"_monsterinsights_skip_tracking":false,"_monsterinsights_sitenote_active":false,"_monsterinsights_sitenote_note":"","_monsterinsights_sitenote_category":0,"footnotes":""},"class_list":["post-28","page","type-page","status-publish","hentry"],"aioseo_notices":[],"_links":{"self":[{"href":"https:\/\/lodemand.com\/en\/wp-json\/wp\/v2\/pages\/28","targetHints":{"allow":["GET"]}}],"collection":[{"href":"https:\/\/lodemand.com\/en\/wp-json\/wp\/v2\/pages"}],"about":[{"href":"https:\/\/lodemand.com\/en\/wp-json\/wp\/v2\/types\/page"}],"author":[{"embeddable":true,"href":"https:\/\/lodemand.com\/en\/wp-json\/wp\/v2\/users\/1"}],"replies":[{"embeddable":true,"href":"https:\/\/lodemand.com\/en\/wp-json\/wp\/v2\/comments?post=28"}],"version-history":[{"count":0,"href":"https:\/\/lodemand.com\/en\/wp-json\/wp\/v2\/pages\/28\/revisions"}],"wp:attachment":[{"href":"https:\/\/lodemand.com\/en\/wp-json\/wp\/v2\/media?parent=28"}],"curies":[{"name":"wp","href":"https:\/\/api.w.org\/{rel}","templated":true}]}}