{"id":31,"date":"2021-07-28T13:45:28","date_gmt":"2021-07-28T13:45:28","guid":{"rendered":"https:\/\/lodemand.com\/?page_id=31"},"modified":"2024-01-08T12:23:15","modified_gmt":"2024-01-08T12:23:15","slug":"luggage-driver","status":"publish","type":"page","link":"https:\/\/lodemand.com\/en\/luggage-driver\/","title":{"rendered":"Luggage Driver"},"content":{"rendered":"<div data-elementor-type=\"wp-page\" data-elementor-id=\"31\" class=\"elementor elementor-31\" data-elementor-post-type=\"page\">\n\t\t\t\t<div class=\"elementor-element elementor-element-9b9189d e-flex e-con-boxed e-con e-parent\" data-id=\"9b9189d\" data-element_type=\"container\" data-e-type=\"container\">\n\t\t\t\t\t<div class=\"e-con-inner\">\n\t\t<div class=\"elementor-element elementor-element-02aa349 e-con-full e-flex e-con e-child\" data-id=\"02aa349\" data-element_type=\"container\" data-e-type=\"container\">\n\t\t\t\t<div class=\"elementor-element elementor-element-a3873a7 elementor-widget elementor-widget-text-editor\" data-id=\"a3873a7\" data-element_type=\"widget\" data-e-type=\"widget\" data-widget_type=\"text-editor.default\">\n\t\t\t\t<div class=\"elementor-widget-container\">\n\t\t\t\t\t\t\t\t\t<p>The <strong>Luggage Driver<\/strong> is the brand that represents a pioneering service at the national level, aimed at the end customer, providing luggage transport between two or more points:<\/p>\t\t\t\t\t\t\t\t<\/div>\n\t\t\t\t<\/div>\n\t\t\t\t<div class=\"elementor-element elementor-element-de6e0ef elementor-widget elementor-widget-text-editor\" data-id=\"de6e0ef\" data-element_type=\"widget\" data-e-type=\"widget\" data-widget_type=\"text-editor.default\">\n\t\t\t\t<div class=\"elementor-widget-container\">\n\t\t\t\t\t\t\t\t\t<ul><li>Hotel - airport \/ airport - hotel<\/li><li>On Continental Portugal and Galicia (Spain)<\/li><li>Stage by stage<\/li><\/ul>\t\t\t\t\t\t\t\t<\/div>\n\t\t\t\t<\/div>\n\t\t\t\t<div class=\"elementor-element elementor-element-2b5f02a elementor-widget-divider--view-line elementor-widget elementor-widget-divider\" data-id=\"2b5f02a\" data-element_type=\"widget\" data-e-type=\"widget\" data-widget_type=\"divider.default\">\n\t\t\t\t<div class=\"elementor-widget-container\">\n\t\t\t\t\t\t\t<div class=\"elementor-divider\">\n\t\t\t<span class=\"elementor-divider-separator\">\n\t\t\t\t\t\t<\/span>\n\t\t<\/div>\n\t\t\t\t\t\t<\/div>\n\t\t\t\t<\/div>\n\t\t\t\t<div class=\"elementor-element elementor-element-ab93feb elementor-widget elementor-widget-text-editor\" data-id=\"ab93feb\" data-element_type=\"widget\" data-e-type=\"widget\" data-widget_type=\"text-editor.default\">\n\t\t\t\t<div class=\"elementor-widget-container\">\n\t\t\t\t\t\t\t\t\t<p>It is also the right service for situations such as changing housing or traveling during holidays, where it is necessary to move a larger number of luggage.<br>The <strong>Luggage Driver<\/strong> provides a stage-by-stage luggage transfer service along the \"Caminhos de Santiago\" between Lisbon - Porto, along the route of the \u201cVicentine Route\u201d, the Nacional Road 2 route, among others.<br>The service can be requested stage by stage or only direct transfer to the final destination.<\/p>\t\t\t\t\t\t\t\t<\/div>\n\t\t\t\t<\/div>\n\t\t\t\t<div class=\"elementor-element elementor-element-9b8c543 elementor-widget elementor-widget-image\" data-id=\"9b8c543\" data-element_type=\"widget\" data-e-type=\"widget\" data-widget_type=\"image.default\">\n\t\t\t\t<div class=\"elementor-widget-container\">\n\t\t\t\t\t\t\t\t\t\t\t\t\t\t\t<img fetchpriority=\"high\" decoding=\"async\" width=\"2560\" height=\"1102\" src=\"https:\/\/lodemand.com\/wp-content\/uploads\/2021\/07\/21457746_124805221586437_3771285099449259623_o-scaled.jpg\" class=\"attachment-full size-full wp-image-396\" alt=\"\" srcset=\"https:\/\/lodemand.com\/wp-content\/uploads\/2021\/07\/21457746_124805221586437_3771285099449259623_o-scaled.jpg 2560w, https:\/\/lodemand.com\/wp-content\/uploads\/2021\/07\/21457746_124805221586437_3771285099449259623_o-300x129.jpg 300w, https:\/\/lodemand.com\/wp-content\/uploads\/2021\/07\/21457746_124805221586437_3771285099449259623_o-1024x441.jpg 1024w, https:\/\/lodemand.com\/wp-content\/uploads\/2021\/07\/21457746_124805221586437_3771285099449259623_o-768x330.jpg 768w, https:\/\/lodemand.com\/wp-content\/uploads\/2021\/07\/21457746_124805221586437_3771285099449259623_o-1536x661.jpg 1536w, https:\/\/lodemand.com\/wp-content\/uploads\/2021\/07\/21457746_124805221586437_3771285099449259623_o-2048x881.jpg 2048w\" sizes=\"(max-width: 2560px) 100vw, 2560px\" \/>\t\t\t\t\t\t\t\t\t\t\t\t\t\t\t<\/div>\n\t\t\t\t<\/div>\n\t\t\t\t<div class=\"elementor-element elementor-element-76b0f08 elementor-align-center elementor-widget elementor-widget-button\" data-id=\"76b0f08\" data-element_type=\"widget\" data-e-type=\"widget\" data-widget_type=\"button.default\">\n\t\t\t\t<div class=\"elementor-widget-container\">\n\t\t\t\t\t\t\t\t\t<div class=\"elementor-button-wrapper\">\n\t\t\t\t\t<a class=\"elementor-button elementor-button-link elementor-size-sm elementor-animation-grow\" href=\"https:\/\/luggagedriver.com\/\" target=\"_blank\">\n\t\t\t\t\t\t<span class=\"elementor-button-content-wrapper\">\n\t\t\t\t\t\t\t\t\t<span class=\"elementor-button-text\">For more information about Luggage Driver services, please click here<\/span>\n\t\t\t\t\t<\/span>\n\t\t\t\t\t<\/a>\n\t\t\t\t<\/div>\n\t\t\t\t\t\t\t\t<\/div>\n\t\t\t\t<\/div>\n\t\t\t\t<\/div>\n\t\t\t\t\t<\/div>\n\t\t\t\t<\/div>\n\t\t\t\t<\/div>","protected":false},"excerpt":{"rendered":"<p>A Luggage Driver \u00e9 a marca que representa um servi\u00e7o pioneiro a n\u00edvel nacional e destinado ao cliente final, disponibilizando o transporte de bagagens entre dois ou mais pontos: Hotel &#8211; aeroporto \/ aeroporto &#8211; hotel Em Portugal Continental e Galiza Etapa a etapa \u00c9 tamb\u00e9m o servi\u00e7o certo para situa\u00e7\u00f5es como uma mudan\u00e7a de [&hellip;]<\/p>","protected":false},"author":1,"featured_media":0,"parent":0,"menu_order":0,"comment_status":"closed","ping_status":"closed","template":"elementor_header_footer","meta":{"om_disable_all_campaigns":false,"_monsterinsights_skip_tracking":false,"_monsterinsights_sitenote_active":false,"_monsterinsights_sitenote_note":"","_monsterinsights_sitenote_category":0,"footnotes":""},"class_list":["post-31","page","type-page","status-publish","hentry"],"aioseo_notices":[],"_links":{"self":[{"href":"https:\/\/lodemand.com\/en\/wp-json\/wp\/v2\/pages\/31","targetHints":{"allow":["GET"]}}],"collection":[{"href":"https:\/\/lodemand.com\/en\/wp-json\/wp\/v2\/pages"}],"about":[{"href":"https:\/\/lodemand.com\/en\/wp-json\/wp\/v2\/types\/page"}],"author":[{"embeddable":true,"href":"https:\/\/lodemand.com\/en\/wp-json\/wp\/v2\/users\/1"}],"replies":[{"embeddable":true,"href":"https:\/\/lodemand.com\/en\/wp-json\/wp\/v2\/comments?post=31"}],"version-history":[{"count":0,"href":"https:\/\/lodemand.com\/en\/wp-json\/wp\/v2\/pages\/31\/revisions"}],"wp:attachment":[{"href":"https:\/\/lodemand.com\/en\/wp-json\/wp\/v2\/media?parent=31"}],"curies":[{"name":"wp","href":"https:\/\/api.w.org\/{rel}","templated":true}]}}